{"id":25,"date":"2019-10-03T18:08:57","date_gmt":"2019-10-03T18:08:57","guid":{"rendered":"http:\/\/managerconsult1.managerconsult.ro\/wp50\/?page_id=25"},"modified":"2019-10-03T18:08:57","modified_gmt":"2019-10-03T18:08:57","slug":"prezentare-curs","status":"publish","type":"page","link":"https:\/\/managerconsult1.managerconsult.ro\/wp50\/prezentare-curs\/","title":{"rendered":"Prezentare curs"},"content":{"rendered":"\n<p><strong>&nbsp;MANAGER CONSULT SRL<\/strong>,&nbsp;<strong>\u00een baza Autoriza\u021biei seria BZ nr. 000730<\/strong>&nbsp;\u2013&nbsp;<strong>emis\u0103 de c\u0103tre A.N.C<\/strong><em>,&nbsp;<\/em><strong>organizeaz\u0103<\/strong>, \u00eencep\u00e2nd&nbsp;<strong>cu luna aprilie 2019<\/strong>,&nbsp;<strong>CURSUL DE SPECIALIZARE ACREDITAT<\/strong>&nbsp;pentru ocupa\u021bia&nbsp;<strong><em>\u201cRESPONSABIL CU PROTEC\u021aIA DATELOR CU CARACTER PERSONAL\u201d<\/em><\/strong>&nbsp;&nbsp;\u2013 cod COR 242231.8).<\/p>\n\n\n\n<p>&nbsp;&nbsp;&nbsp;&nbsp;&nbsp;&nbsp;&nbsp;&nbsp;&nbsp;&nbsp;&nbsp; Certificatele de absolvire sunt&nbsp;<strong>eliberate \u0219i recunoscute<\/strong>&nbsp;de c\u0103tre&nbsp;<strong>Ministerul Educa\u021biei Na\u021bionale<\/strong>&nbsp;\u0219i&nbsp;<strong>Ministerul \u0219i Justi\u021biei Sociale<\/strong>, \u00een conformitate cu prevederile O.G. nr. 129\/2000 \u2013 privind formarea profesional\u0103 a adul\u021bilor.<\/p>\n\n\n\n<p><strong>DURATA, STRUCTURA \u0218I PERIOADA DE DESF\u0102\u0218URARE A CURSULUI<\/strong><\/p>\n\n\n\n<p>&nbsp;&nbsp;&nbsp;&nbsp;&nbsp;&nbsp;&nbsp;&nbsp;&nbsp; Cursul&nbsp;<strong>are o durat\u0103 de 180 de ore<\/strong>&nbsp;(60 teorie \u0219i 120 practic\u0103) \u00een conformitate cu Standardul Ocupa\u021bional pentru Educa\u021bie \u0219i Educare Profesional\u0103 (aprobat de ANC prin decizia nr. 17 din 19.03.2018),&nbsp;<strong>se desf\u0103\u0219oar\u0103 pe parcursul a 2 (dou\u0103) luni&nbsp;<\/strong>\u0219i este structurat&nbsp;<strong>pe dou\u0103 sesiuni de lucru<\/strong>, ce con\u021bin&nbsp;<strong>activit\u0103\u021bi la sala de curs<\/strong>&nbsp;(cu participare obligatorie) \u0219i&nbsp;<strong>activit\u0103\u021bi individuale asistate<\/strong>.<\/p>\n\n\n\n<p>Datele \u0219i intervalul orar de desf\u0103\u0219urare efectiv\u0103 a sesiunilor&nbsp;<strong>vor fi stabilite de comun acord cu persoanele \u00eenscrise<\/strong>, \u00een func\u021bie de disponibilitatea acestora.<\/p>\n\n\n\n<p><strong>&nbsp;&nbsp;&nbsp;&nbsp;&nbsp;&nbsp;&nbsp;&nbsp;&nbsp; Activit\u0103\u021bile individuale<\/strong>&nbsp;asistate constau \u00een&nbsp;<strong>aplicarea cuno\u0219tin\u021belor teoretice dob\u00e2ndite<\/strong>&nbsp;prin&nbsp;<strong>rezolvarea diverselor spe\u021be \u0219i probleme practice<\/strong>&nbsp;\u00een domeniul protec\u021biei datelor cu caracter personal \u0219i&nbsp;<strong>se vor desf\u0103\u0219ura sub coordonarea formatorului<\/strong>, at\u00e2t prin intermediul consulta\u021biilor la sal\u0103, conform unui program stabilit, c\u00e2t si prin consulta\u021bii individuale, prin mijloace de comunicare (internet \/ e-mail, telefon, sms, etc.).<\/p>\n\n\n\n<p>&nbsp;&nbsp;&nbsp;&nbsp;&nbsp;&nbsp;&nbsp;&nbsp;&nbsp; Cursan\u021bii&nbsp;<strong>vor dezvolta \u0219i un proiect individual<\/strong>&nbsp;privind modul de implementare cerin\u021belor&nbsp; Regulamentului la nivelul unei entit\u0103\u021bi din domeniul \u00een care-\u0219i &nbsp;desf\u0103\u0219oar\u0103 activitatea (ex: servicii publice, servicii de s\u0103n\u0103tate, asigur\u0103ri, comer\u021b, produc\u021bie, etc.);<\/p>\n\n\n\n<p><strong>EXAMENUL DE ABSOLVIRE<\/strong><\/p>\n\n\n\n<p>&nbsp;&nbsp;&nbsp;&nbsp;&nbsp;&nbsp;&nbsp;&nbsp;&nbsp; Examenul de absolvire a cursului va consta \u00een&nbsp;<strong>aplicarea unei test de cuno\u0219tin\u021be teoretice<\/strong>&nbsp;\u0219i&nbsp;<strong>sus\u021binerea proiectului individual&nbsp;<\/strong>\u00een fa\u021ba unei comisii de examinare \u0219i evaluare compus\u0103 din reprezentan\u021bi ai Autorit\u0103\u021bii Na\u021bionale pentru Calific\u0103ri.<\/p>\n\n\n\n<p>&nbsp;&nbsp;&nbsp;&nbsp;&nbsp;&nbsp;&nbsp;&nbsp;&nbsp;&nbsp;<strong>Media general\u0103 de absolvire<\/strong>&nbsp;va fi calculat\u0103 ca medie ponderat\u0103 \u00eentre nota&nbsp; aferent testului de cuno\u0219tin\u021be (30%) \u0219i nota la proiectul final individual (70%).<\/p>\n\n\n\n<p>&nbsp;&nbsp;&nbsp;&nbsp;&nbsp;&nbsp;&nbsp;&nbsp;&nbsp; Cursan\u021bilor care promoveaz\u0103 cu succes examenul,&nbsp;<strong>li se va elibera un certificat de absolvire.<\/strong><\/p>\n","protected":false},"excerpt":{"rendered":"<p>&nbsp;MANAGER CONSULT SRL,&nbsp;\u00een baza Autoriza\u021biei seria BZ nr. 000730&nbsp;\u2013&nbsp;emis\u0103 de c\u0103tre A.N.C,&nbsp;organizeaz\u0103, \u00eencep\u00e2nd&nbsp;cu luna aprilie 2019,&nbsp;CURSUL DE SPECIALIZARE ACREDITAT&nbsp;pentru ocupa\u021bia&nbsp;\u201cRESPONSABIL CU PROTEC\u021aIA DATELOR CU CARACTER PERSONAL\u201d&nbsp;&nbsp;\u2013 cod COR 242231.8). &nbsp;&nbsp;&nbsp;&nbsp;&nbsp;&nbsp;&nbsp;&nbsp;&nbsp;&nbsp;&nbsp; Certificatele de absolvire sunt&nbsp;eliberate \u0219i recunoscute&nbsp;de c\u0103tre&nbsp;Ministerul Educa\u021biei Na\u021bionale&nbsp;\u0219i&nbsp;Ministerul \u0219i Justi\u021biei Sociale, \u00een conformitate cu prevederile O.G. nr. 129\/2000 \u2013 privind formarea profesional\u0103 a adul\u021bilor. &hellip; <a href=\"https:\/\/managerconsult1.managerconsult.ro\/wp50\/prezentare-curs\/\" class=\"more-link\">Continu\u0103 lectura<span class=\"screen-reader-text\"> \u201ePrezentare curs\u201d<\/span><\/a><\/p>\n","protected":false},"author":1,"featured_media":0,"parent":0,"menu_order":0,"comment_status":"closed","ping_status":"closed","template":"","meta":[],"guten_post_layout_featured_media_urls":{"full":false,"thumbnail":false,"medium":false,"medium_large":false,"large":false,"1536x1536":false,"2048x2048":false,"guten_post_layout_landscape_large":false,"guten_post_layout_portrait_large":false,"guten_post_layout_square_large":false,"guten_post_layout_landscape":false,"guten_post_layout_portrait":false,"guten_post_layout_square":false,"post-thumbnail":false},"_links":{"self":[{"href":"https:\/\/managerconsult1.managerconsult.ro\/wp50\/wp-json\/wp\/v2\/pages\/25"}],"collection":[{"href":"https:\/\/managerconsult1.managerconsult.ro\/wp50\/wp-json\/wp\/v2\/pages"}],"about":[{"href":"https:\/\/managerconsult1.managerconsult.ro\/wp50\/wp-json\/wp\/v2\/types\/page"}],"author":[{"embeddable":true,"href":"https:\/\/managerconsult1.managerconsult.ro\/wp50\/wp-json\/wp\/v2\/users\/1"}],"replies":[{"embeddable":true,"href":"https:\/\/managerconsult1.managerconsult.ro\/wp50\/wp-json\/wp\/v2\/comments?post=25"}],"version-history":[{"count":1,"href":"https:\/\/managerconsult1.managerconsult.ro\/wp50\/wp-json\/wp\/v2\/pages\/25\/revisions"}],"predecessor-version":[{"id":26,"href":"https:\/\/managerconsult1.managerconsult.ro\/wp50\/wp-json\/wp\/v2\/pages\/25\/revisions\/26"}],"wp:attachment":[{"href":"https:\/\/managerconsult1.managerconsult.ro\/wp50\/wp-json\/wp\/v2\/media?parent=25"}],"curies":[{"name":"wp","href":"https:\/\/api.w.org\/{rel}","templated":true}]}}