{"id":29,"date":"2019-10-03T18:12:12","date_gmt":"2019-10-03T18:12:12","guid":{"rendered":"http:\/\/managerconsult1.managerconsult.ro\/wp50\/?page_id=29"},"modified":"2019-10-03T18:12:12","modified_gmt":"2019-10-03T18:12:12","slug":"oferta-financiara","status":"publish","type":"page","link":"https:\/\/managerconsult1.managerconsult.ro\/wp50\/oferta-financiara\/","title":{"rendered":"Oferta financiara"},"content":{"rendered":"\n<p><strong>Pre\u021bul standard<\/strong>&nbsp;al cursului este de&nbsp;<strong>1250 lei\/persoan\u0103<\/strong>&nbsp;(scutit de Tva),&nbsp;<strong>pl\u0103tibil \u00een 3 rate<\/strong>, la care se adaug\u0103&nbsp;<strong>taxa de examinare \u00een valoare de 50 lei\/persoan\u0103<\/strong>, numai pentru cei care doresc si \u00eentrunesc condi\u021biile pentru examinarea in prezenta comisiei ANC pentru ob\u021binerea certificatului de absolvire recunoscut de Ministerul Muncii si Justi\u021biei Sociale si Ministerul Educa\u021biei Na\u021bionale.<\/p>\n\n\n\n<p>In costul total al cursului sunt incluse presta\u021bia formatorului, examinarea, materialele de curs, coffe-break.<\/p>\n\n\n\n<p>&nbsp;&nbsp;<strong>REDUCERI :<\/strong><\/p>\n\n\n\n<ul><li>\u00cen cazul pl\u0103\u021bii integrale a cursului se acord\u0103 o&nbsp;<strong>reducere de 5%<\/strong>&nbsp;din pre\u021bul standard;<\/li><li>\u00cen situa\u021bia \u00een care o persoan\u0103 recomand\u0103 \u0219i faciliteaz\u0103 \u00eenscrierea unui alte persoane, i se acord\u0103 &nbsp;o&nbsp;<strong>reducere de 10%&nbsp;<\/strong>din pre\u021bul standard;<\/li><li>\u00cen condi\u021biile \u00een care o firm\u0103 sau un grup de firme&nbsp;<strong>constituie o grup\u0103 de min 10 cursan\u021bi<\/strong>&nbsp;\u0219i asigur\u0103 un spa\u021biu adecvat pentru desf\u0103\u0219urarea activit\u0103\u021bilor aferente cursului, pre\u021bul va fi de&nbsp;<strong>900 lei\/persoan\u0103.<\/strong><\/li><\/ul>\n\n\n\n<p><strong>BONUS:<\/strong><\/p>\n\n\n\n<ul><li>Pentru entit\u0103\u021bile \u00een care \u00ee\u0219i desf\u0103\u0219oar\u0103 activitatea profesional\u0103 cursan\u021bii, organiz\u0103m,&nbsp;<strong>GRATUIT<\/strong>, un seminar&nbsp;<strong>cu o durat\u0103 de 2 zile<\/strong>&nbsp;(patru ore \/zi),&nbsp;<strong>pentru \u00eenc\u0103 2 angaja\u021bi<\/strong>&nbsp;care desf\u0103\u0219oar\u0103 \u00een mod direct activit\u0103\u021bi de prelucrare a datelor cu caracter personal.<\/li><li>La finalizarea seminarului, participan\u021bilor li se va elibera un Certificat de Absolvire, emis de MANAGER CONSULT SRL, care va atesta c\u0103 au dob\u00e2ndit cuno\u0219tin\u021be \u0219i de\u021bin competen\u021be profesionale \u00een domeniul prelucr\u0103rii datelor cu caracter personal.<\/li><\/ul>\n","protected":false},"excerpt":{"rendered":"<p>Pre\u021bul standard&nbsp;al cursului este de&nbsp;1250 lei\/persoan\u0103&nbsp;(scutit de Tva),&nbsp;pl\u0103tibil \u00een 3 rate, la care se adaug\u0103&nbsp;taxa de examinare \u00een valoare de 50 lei\/persoan\u0103, numai pentru cei care doresc si \u00eentrunesc condi\u021biile pentru examinarea in prezenta comisiei ANC pentru ob\u021binerea certificatului de absolvire recunoscut de Ministerul Muncii si Justi\u021biei Sociale si Ministerul Educa\u021biei Na\u021bionale. In costul total &hellip; <a href=\"https:\/\/managerconsult1.managerconsult.ro\/wp50\/oferta-financiara\/\" class=\"more-link\">Continu\u0103 lectura<span class=\"screen-reader-text\"> \u201eOferta financiara\u201d<\/span><\/a><\/p>\n","protected":false},"author":1,"featured_media":0,"parent":0,"menu_order":0,"comment_status":"closed","ping_status":"closed","template":"","meta":[],"guten_post_layout_featured_media_urls":{"full":false,"thumbnail":false,"medium":false,"medium_large":false,"large":false,"1536x1536":false,"2048x2048":false,"guten_post_layout_landscape_large":false,"guten_post_layout_portrait_large":false,"guten_post_layout_square_large":false,"guten_post_layout_landscape":false,"guten_post_layout_portrait":false,"guten_post_layout_square":false,"post-thumbnail":false},"_links":{"self":[{"href":"https:\/\/managerconsult1.managerconsult.ro\/wp50\/wp-json\/wp\/v2\/pages\/29"}],"collection":[{"href":"https:\/\/managerconsult1.managerconsult.ro\/wp50\/wp-json\/wp\/v2\/pages"}],"about":[{"href":"https:\/\/managerconsult1.managerconsult.ro\/wp50\/wp-json\/wp\/v2\/types\/page"}],"author":[{"embeddable":true,"href":"https:\/\/managerconsult1.managerconsult.ro\/wp50\/wp-json\/wp\/v2\/users\/1"}],"replies":[{"embeddable":true,"href":"https:\/\/managerconsult1.managerconsult.ro\/wp50\/wp-json\/wp\/v2\/comments?post=29"}],"version-history":[{"count":1,"href":"https:\/\/managerconsult1.managerconsult.ro\/wp50\/wp-json\/wp\/v2\/pages\/29\/revisions"}],"predecessor-version":[{"id":30,"href":"https:\/\/managerconsult1.managerconsult.ro\/wp50\/wp-json\/wp\/v2\/pages\/29\/revisions\/30"}],"wp:attachment":[{"href":"https:\/\/managerconsult1.managerconsult.ro\/wp50\/wp-json\/wp\/v2\/media?parent=29"}],"curies":[{"name":"wp","href":"https:\/\/api.w.org\/{rel}","templated":true}]}}