{"id":31,"date":"2019-10-03T18:13:18","date_gmt":"2019-10-03T18:13:18","guid":{"rendered":"http:\/\/managerconsult1.managerconsult.ro\/wp50\/?page_id=31"},"modified":"2019-10-03T18:13:18","modified_gmt":"2019-10-03T18:13:18","slug":"informatii-generale-gdpr","status":"publish","type":"page","link":"https:\/\/managerconsult1.managerconsult.ro\/wp50\/informatii-generale-gdpr\/","title":{"rendered":"Informatii generale GDPR"},"content":{"rendered":"\n<p>&nbsp;Apreciem ca fiind onest din partea noastr\u0103 s\u0103 \u00eencerc\u0103m, \u00eenc\u0103 de la acest moment,&nbsp;<strong>s\u0103 oferim r\u0103spunsuri<\/strong>&nbsp;la urm\u0103toarele \u00eentreb\u0103ri&nbsp;<strong>pe care anticip\u0103m c\u0103 vi le-a\u021bi putea pune<\/strong>&nbsp;\u00eenainte de luarea unei decizii:<\/p>\n\n\n\n<p>1.&nbsp;<strong>CE SUNT ACELEA DATE CU CARACTER PERSONAL<\/strong>?<\/p>\n\n\n\n<p>&nbsp;&nbsp;&nbsp; Constituie date cu caracter personal&nbsp;<strong>orice informa\u021bie cu privire la o persoan\u0103 fizic\u0103<\/strong>:<\/p>\n\n\n\n<ul><li><strong>identificat\u0103<\/strong>&nbsp;\u00een mod cert, prin num\u0103rul de identificare na\u021bional: CNP, seria \u0219i num\u0103rul CI, al pa\u0219aportului, al permisului de conducere ori al asigur\u0103rii de s\u0103n\u0103tate, ori&nbsp;<\/li><li><strong>identificabil\u0103<\/strong>, prin referire la elemente cu caracter general (nume, prenume, adres\u0103, num\u0103r \u00eenmatriculare auto, IP, etc), sau cu caracter special, specifice fiec\u0103rei persoane (fizice, fiziologice, genetice, psihice, economice, culturale sau sociale).<\/li><\/ul>\n\n\n\n<p><strong>&nbsp;&nbsp;&nbsp;&nbsp; 2. DE CE AR TREBUI S\u0102 M\u0102 INTERESEZE CURSUL?<\/strong><\/p>\n\n\n\n<p><strong>PENTRU C\u0102:<\/strong><\/p>\n\n\n\n<ul><li>\u00cencep\u00e2nd cu 25 mai 2018, Regulamentul (UE) 679\/2016 \u2013 privind protec\u021bia persoanelor fizice \u00een ceea ce prive\u0219te prelucrarea datelor cu caracter personal \u0219i privind libera circula\u021bie a acestor date,&nbsp;<strong>impune un set unic de reguli<\/strong>, aplicabile&nbsp;<strong>tuturor entit\u0103\u021bilor&nbsp;<\/strong>(institu\u021bii publice, societ\u0103\u021bi comerciale, PFA-uri, etc)&nbsp;<strong>care colecteaz\u0103 datele oric\u0103rei persoane fizice<\/strong>&nbsp;cu care interac\u021bioneaz\u0103\/rela\u021bioneaz\u0103;<\/li><li>Cerin\u021bele Regulamentului privind de procesul de prelucrare a datelor cu caracter personal,&nbsp;<strong>genereaz\u0103 obliga\u021bii at\u00e2t pentru manageri<\/strong>, dar \u0219i&nbsp;<strong>pentru angaja\u021bii implica\u021bi<\/strong>&nbsp;\u00een mod efectiv \u00een gestionarea acestora;<\/li><li>\u00cendeplinirea cerin\u021belor&nbsp;<strong>necesit\u0103 identificarea \u0219i implementarea unor m\u0103suri<\/strong>&nbsp;specifice de protec\u021bie,&nbsp;<strong>care s\u0103 asigure securitatea&nbsp; datelor<\/strong>&nbsp;cu caracter personal prelucrate;<\/li><li><strong>Prelucrarea neconform\u0103<\/strong>&nbsp;a datelor cu caracter personal,&nbsp;<strong>poate atrage sanc\u021biuni semnificative.<\/strong><\/li><\/ul>\n\n\n\n<p><strong>3. CE ESTE FUNC\u021aIA DE RESPONSABIL CU PROTEC\u021aIA DATELOR CU CARACTER PERSONAL \u0218I CINE O POATE OCUPA?<\/strong><\/p>\n\n\n\n<ul><li><strong>Responsabilul cu protec\u021bia datelor<\/strong>&nbsp;cu caracter personal este&nbsp;<strong>angajatul sau colaboratorul<\/strong>&nbsp;care, \u00een baza cuno\u0219tin\u021belor \u0219i competen\u021belor profesionale ob\u021binute\/de\u021binute,&nbsp;<strong>confer\u0103 managementului entit\u0103\u021bii garan\u021bia<\/strong>&nbsp;c\u0103&nbsp;<strong>implementarea \u0219i desf\u0103\u0219urarea procesului de prelucrare<\/strong>&nbsp;a datelor cu caracter personal&nbsp;<strong>se realizeaz\u0103 \u00een deplin\u0103 conformitate cu cerin\u021bele Regulamentului<\/strong>;<\/li><li>Conform Standardului ocupa\u021bional pentru educa\u021bie \u0219i formare profesional\u0103 aprobat prin Decizia ANC 74 din 19.03.2018,&nbsp;<strong>func\u021bia poate fi ocupat\u0103 de c\u0103tre o persoan\u0103 cu o vechime minim\u0103 de 1 an<\/strong>, studii&nbsp;<strong>superioare absolvite cu diplom\u0103 de l<\/strong>icen\u021b\u0103 \u0219i un&nbsp;<strong>curs de specializare\/perfec\u021bionare cu o durat\u0103 de 180 de ore<\/strong>, absolvit cu certificat .<\/li><\/ul>\n\n\n\n<p>&nbsp;&nbsp;&nbsp;&nbsp;<strong>4. CE ENTIT\u0102\u021aI AR TREBUI S\u0102 DESEMNEZE UN RESPONSABIL?&nbsp;<\/strong><\/p>\n\n\n\n<ul><li><strong>Autorit\u0103\u021bile \u0219i organismele publice<\/strong>, a\u0219a cum sunt definite de&nbsp; Legea&nbsp; 190\/2018 (Senatul \u0219i Camera Deputa\u021bilor, Guvernul, ministerele, institu\u021bii publice autonome, organe de specialitate ale autorit\u0103\u021bilor publice centrale, locale \u0219i de la nivel jude\u021bean, precum \u0219i institu\u021biile din subordinea\/coordonarea);<\/li><li><strong>Entit\u0103\u021bile publice \u0219i private<\/strong>&nbsp;ale c\u0103ror&nbsp;<strong>activit\u0103\u021bi principale<\/strong>&nbsp;<strong>sunt reprezentate de opera\u021biuni de prelucrare<\/strong>&nbsp;a datelor personale cu caracter general care, prin natura, domeniul de aplicare \u0219i\/sau scopurile lor, necesit\u0103 o&nbsp;<strong>monitorizare periodic\u0103, sistematic\u0103 \u0219i pe scar\u0103 larg\u0103&nbsp;<\/strong>a persoanelor vizate;<\/li><li><strong>Entit\u0103\u021bile publice sau private<\/strong>&nbsp;care&nbsp;<strong>prelucreaz\u0103 pe scar\u0103 larg\u0103<\/strong>&nbsp;<strong>date personale cu caracter special<\/strong>&nbsp;( genetice, biometrice, privind s\u0103n\u0103tatea, etc);<\/li><li><strong>Companiile cu capital privat ai c\u0103ror manageri,<\/strong>&nbsp;f\u0103r\u0103 a avea obligativitatea desemn\u0103rii,&nbsp;&nbsp;<strong>apreciaz\u0103 c\u0103 numirea unui responsabil<\/strong>&nbsp;este de natur\u0103&nbsp;<strong>s\u0103 ofere garan\u021bii&nbsp;<\/strong>c\u0103 procesul de prelucrare a datelor cu carter personal&nbsp;<strong>se va derula \u00een strict\u0103 conformitate cu cerin\u021bele legale<\/strong>.<\/li><\/ul>\n","protected":false},"excerpt":{"rendered":"<p>&nbsp;Apreciem ca fiind onest din partea noastr\u0103 s\u0103 \u00eencerc\u0103m, \u00eenc\u0103 de la acest moment,&nbsp;s\u0103 oferim r\u0103spunsuri&nbsp;la urm\u0103toarele \u00eentreb\u0103ri&nbsp;pe care anticip\u0103m c\u0103 vi le-a\u021bi putea pune&nbsp;\u00eenainte de luarea unei decizii: 1.&nbsp;CE SUNT ACELEA DATE CU CARACTER PERSONAL? &nbsp;&nbsp;&nbsp; Constituie date cu caracter personal&nbsp;orice informa\u021bie cu privire la o persoan\u0103 fizic\u0103: identificat\u0103&nbsp;\u00een mod cert, prin num\u0103rul de &hellip; <a href=\"https:\/\/managerconsult1.managerconsult.ro\/wp50\/informatii-generale-gdpr\/\" class=\"more-link\">Continu\u0103 lectura<span class=\"screen-reader-text\"> \u201eInformatii generale GDPR\u201d<\/span><\/a><\/p>\n","protected":false},"author":1,"featured_media":0,"parent":0,"menu_order":0,"comment_status":"closed","ping_status":"closed","template":"","meta":[],"guten_post_layout_featured_media_urls":{"full":false,"thumbnail":false,"medium":false,"medium_large":false,"large":false,"1536x1536":false,"2048x2048":false,"guten_post_layout_landscape_large":false,"guten_post_layout_portrait_large":false,"guten_post_layout_square_large":false,"guten_post_layout_landscape":false,"guten_post_layout_portrait":false,"guten_post_layout_square":false,"post-thumbnail":false},"_links":{"self":[{"href":"https:\/\/managerconsult1.managerconsult.ro\/wp50\/wp-json\/wp\/v2\/pages\/31"}],"collection":[{"href":"https:\/\/managerconsult1.managerconsult.ro\/wp50\/wp-json\/wp\/v2\/pages"}],"about":[{"href":"https:\/\/managerconsult1.managerconsult.ro\/wp50\/wp-json\/wp\/v2\/types\/page"}],"author":[{"embeddable":true,"href":"https:\/\/managerconsult1.managerconsult.ro\/wp50\/wp-json\/wp\/v2\/users\/1"}],"replies":[{"embeddable":true,"href":"https:\/\/managerconsult1.managerconsult.ro\/wp50\/wp-json\/wp\/v2\/comments?post=31"}],"version-history":[{"count":1,"href":"https:\/\/managerconsult1.managerconsult.ro\/wp50\/wp-json\/wp\/v2\/pages\/31\/revisions"}],"predecessor-version":[{"id":32,"href":"https:\/\/managerconsult1.managerconsult.ro\/wp50\/wp-json\/wp\/v2\/pages\/31\/revisions\/32"}],"wp:attachment":[{"href":"https:\/\/managerconsult1.managerconsult.ro\/wp50\/wp-json\/wp\/v2\/media?parent=31"}],"curies":[{"name":"wp","href":"https:\/\/api.w.org\/{rel}","templated":true}]}}